{"id":4017,"date":"2016-10-04T17:24:30","date_gmt":"2016-10-04T20:24:30","guid":{"rendered":"http:\/\/blog.soboasnovas.com.br\/?page_id=4017"},"modified":"2022-02-11T14:59:18","modified_gmt":"2022-02-11T14:59:18","slug":"orelhao-sbn","status":"publish","type":"page","link":"https:\/\/portal.soboasnovas.com.br\/?page_id=4017","title":{"rendered":"Orelh\u00e3o SBN"},"content":{"rendered":"<p><strong>OU\u00c7A A VOZ DE DEUS<\/strong><\/p>\n<p style=\"text-align: justify;\">&#8211; O Orelh\u00e3o SBN \u00e9 um projeto inspirado e aben\u00e7oado por Deus e o Minist\u00e9rio S\u00f3 Boas Novas foi a ferramenta usada para desenvolv\u00ea-lo.<br \/>\n&#8211; Estamos continuamente incomodados com a nossa vida no caminho da salva\u00e7\u00e3o em Cristo Jesus e com os desafios de evangelizar no cen\u00e1rio atual de nosso Planeta. Ent\u00e3o, o Senhor tem respondido aos nossos anseios e ora\u00e7\u00f5es nos dando v\u00e1rias oportunidades de servi-Lo com criatividade e relev\u00e2ncia.<\/p>\n<p style=\"text-align: justify;\"><img loading=\"lazy\" decoding=\"async\" class=\"alignnone wp-image-17032\" src=\"https:\/\/portal.soboasnovas.com.br\/wp-content\/uploads\/2014\/12\/Captura-de-Tela-2022-02-09-a\u0300s-11.30.43-300x167.png\" alt=\"\" width=\"616\" height=\"343\" srcset=\"https:\/\/portal.soboasnovas.com.br\/wp-content\/uploads\/2014\/12\/Captura-de-Tela-2022-02-09-a\u0300s-11.30.43-300x167.png 300w, https:\/\/portal.soboasnovas.com.br\/wp-content\/uploads\/2014\/12\/Captura-de-Tela-2022-02-09-a\u0300s-11.30.43-1024x570.png 1024w, https:\/\/portal.soboasnovas.com.br\/wp-content\/uploads\/2014\/12\/Captura-de-Tela-2022-02-09-a\u0300s-11.30.43-768x427.png 768w, https:\/\/portal.soboasnovas.com.br\/wp-content\/uploads\/2014\/12\/Captura-de-Tela-2022-02-09-a\u0300s-11.30.43-570x317.png 570w, https:\/\/portal.soboasnovas.com.br\/wp-content\/uploads\/2014\/12\/Captura-de-Tela-2022-02-09-a\u0300s-11.30.43.png 1066w\" sizes=\"auto, (max-width: 616px) 100vw, 616px\" \/><\/p>\n<p style=\"text-align: justify;\">Veja nossos outros projetos no item &#8216;Projetos&#8217; em nosso site<\/p>\n<p><b><i>O Orelh\u00e3o SBN foi desenvolvido para proporcionar uma experi\u00eancia nova e surpreendente para quem o acessa. Trabalhamos muito para que esta experi\u00eancia fosse muito especial e totalmente autom\u00e1tica sem a necessidade de nenhuma interven\u00e7\u00e3o da pessoa que vai at\u00e9 ele, apenas se encantar e se surpreender com a mensagem. <\/i><\/b><a title=\"Veja o Clip.\" href=\"https:\/\/youtu.be\/QMukRCDJayg\" target=\"_blank\" rel=\"noopener\"><b><i>Veja o clip [1].<\/i><\/b><\/a><b><i> <\/i><\/b><a title=\"Veja o Clip [2].\" href=\"https:\/\/youtu.be\/LXvFd0MGBjk\" target=\"_blank\" rel=\"noopener\"><b><i>Veja o clip [2].<\/i><\/b><\/a><\/p>\n<p style=\"text-align: justify;\">Ap\u00f3s a constru\u00e7\u00e3o do Prot\u00f3tipo, pretendemos, com a gra\u00e7a de Deus, espalhar muitos Orelh\u00f5es SBN com mensagens de Suas promessas para conforto e motiva\u00e7\u00f5es das pessoas em sua jornada di\u00e1ria.<\/p>\n<p>&nbsp;<\/p>\n<p style=\"text-align: justify;\"><strong>Entenda como funciona o projeto:<\/strong><\/p>\n<p style=\"text-align: justify;\">O Orelh\u00e3o SBN foi concebido em 3 partes:<br \/>\n&#8211; C\u00fapula de Fibra do Orelh\u00e3o tradicional, personalizado com as cores e logos do Projeto<br \/>\n&#8211; Suporte com rod\u00edzios para f\u00e1cil movimenta\u00e7\u00e3o e transporte<br \/>\n&#8211; Engenho SBN Player, que ao detectar a presen\u00e7a de uma pessoa aciona um sistema que tocar\u00e1 umas das mensagens gravadas em MP3<\/p>\n<p style=\"text-align: justify;\">O sistema \u00e9 alimentado por uma bateria selada de 12V, com autonomia para at\u00e9 10 horas. E, acompanha um carregador para a bateria.<\/p>\n<p style=\"text-align: justify;\"><em><strong>Onde eu posso usar o Orelh\u00e3o SBN?<\/strong><\/em><\/p>\n<p style=\"text-align: justify;\">&#8211; Voc\u00ea pode us\u00e1-lo em v\u00e1rios locais onde haja movimenta\u00e7\u00e3o de pessoas. Quanto mais circula\u00e7\u00e3o melhor.<br \/>\n&#8211; Se puder, mantenha uma pessoa pr\u00f3xima para orientar e motivar as pessoas para experimentar o Orelh\u00e3o.<br \/>\n&#8211; Alguns exemplos de locais: Entrada de Supermercados ou Shoppings, Esta\u00e7\u00f5es de \u00d4nibus ou Metr\u00f4, Escolas, Parques, Pra\u00e7as, Entrada de Est\u00e1dios e Gin\u00e1sios com eventos, etc.<\/p>\n<p><strong><em>Quanto custa ter um Orelh\u00e3o SBN em minha comunidade? <\/em><em><br \/>\n<\/em><\/strong><\/p>\n<p>&#8211; O Minist\u00e9rio S\u00f3 Boas Novas \u00e9 uma iniciativa de evangelismo volunt\u00e1rio e sem fins lucrativos. Por isso, todas as contribui\u00e7\u00f5es para multiplicar nossas ideias ser\u00e1 uma alegria e uma honra.<br \/>\n&#8211; Voc\u00ea pode adquirir o Orelh\u00e3o SBN completo, conforme descrito acima, <a href=\"https:\/\/portal.soboasnovas.com.br\/?page_id=9509\">consulte-nos<\/a>.<\/p>\n<p><a href=\"http:\/\/www.archdaily.com.br\/br\/868436\/chu-ming-silveira-a-arquiteta-por-tras-do-projeto-do-orelhao\" target=\"_blank\" rel=\"noopener\">Veja como foi idealizado o ORELH\u00c3O&#8230;<\/a><\/p>\n<p><strong>\u00a0<\/strong><\/p>\n<p>&nbsp;<\/p>\n<p>&nbsp;<\/p>\n<p>&nbsp;<\/p>\n<p>&nbsp;<\/p>\n<p>&nbsp;<\/p>\n<p>&nbsp;<\/p>\n<p>&nbsp;<\/p>\n<p>&nbsp;<\/p>\n<p>&nbsp;<\/p>\n<p>&nbsp;<\/p>\n<p>&nbsp;<\/p>\n<p>&nbsp;<\/p>\n<p>&nbsp;<\/p>\n<p>&nbsp;<\/p>\n<p>&nbsp;<\/p>\n<p>&nbsp;<\/p>\n<p>&nbsp;<\/p>\n<p><strong><a title=\"Contate-nos...\" href=\"http:\/\/blog.soboasnovas.com.br\/contato\/\">Contate-nos&#8230;<\/a><\/strong><\/p>\n<p>&nbsp;<\/p>\n","protected":false},"excerpt":{"rendered":"<p>OU\u00c7A A VOZ DE DEUS &#8211; O Orelh\u00e3o SBN \u00e9 um projeto inspirado e aben\u00e7oado por Deus e o Minist\u00e9rio S\u00f3 Boas Novas foi a ferramenta usada para desenvolv\u00ea-lo. &#8211; Estamos continuamente incomodados com a nossa vida no caminho da salva\u00e7\u00e3o em Cristo Jesus e com os desafios de evangelizar no cen\u00e1rio atual de nosso [&hellip;]<\/p>\n","protected":false},"author":1,"featured_media":17296,"parent":0,"menu_order":0,"comment_status":"open","ping_status":"open","template":"","meta":{"footnotes":""},"class_list":["post-4017","page","type-page","status-publish","has-post-thumbnail","hentry"],"_links":{"self":[{"href":"https:\/\/portal.soboasnovas.com.br\/index.php?rest_route=\/wp\/v2\/pages\/4017","targetHints":{"allow":["GET"]}}],"collection":[{"href":"https:\/\/portal.soboasnovas.com.br\/index.php?rest_route=\/wp\/v2\/pages"}],"about":[{"href":"https:\/\/portal.soboasnovas.com.br\/index.php?rest_route=\/wp\/v2\/types\/page"}],"author":[{"embeddable":true,"href":"https:\/\/portal.soboasnovas.com.br\/index.php?rest_route=\/wp\/v2\/users\/1"}],"replies":[{"embeddable":true,"href":"https:\/\/portal.soboasnovas.com.br\/index.php?rest_route=%2Fwp%2Fv2%2Fcomments&post=4017"}],"version-history":[{"count":3,"href":"https:\/\/portal.soboasnovas.com.br\/index.php?rest_route=\/wp\/v2\/pages\/4017\/revisions"}],"predecessor-version":[{"id":17347,"href":"https:\/\/portal.soboasnovas.com.br\/index.php?rest_route=\/wp\/v2\/pages\/4017\/revisions\/17347"}],"wp:featuredmedia":[{"embeddable":true,"href":"https:\/\/portal.soboasnovas.com.br\/index.php?rest_route=\/wp\/v2\/media\/17296"}],"wp:attachment":[{"href":"https:\/\/portal.soboasnovas.com.br\/index.php?rest_route=%2Fwp%2Fv2%2Fmedia&parent=4017"}],"curies":[{"name":"wp","href":"https:\/\/api.w.org\/{rel}","templated":true}]}}