{"id":4100,"date":"2016-10-12T08:36:47","date_gmt":"2016-10-12T11:36:47","guid":{"rendered":"http:\/\/blog.soboasnovas.com.br\/?page_id=4100"},"modified":"2022-03-21T13:02:11","modified_gmt":"2022-03-21T13:02:11","slug":"home-church","status":"publish","type":"page","link":"https:\/\/portal.soboasnovas.com.br\/?page_id=4100","title":{"rendered":"SBN HOMECHURCH"},"content":{"rendered":"<p>Estaremos recome\u00e7ando, PRESENCIALMENTE,\u00a0 a partir de 26 de Mar\u00e7o de 2022. Sempre aos S\u00e1bados \u00e0s 10 horas.<\/p>\n<p>&nbsp;<\/p>\n<p><iframe loading=\"lazy\" title=\"YouTube video player\" src=\"https:\/\/www.youtube.com\/embed\/GWg-OkTuNeg\" width=\"560\" height=\"315\" frameborder=\"0\" allowfullscreen=\"allowfullscreen\"><\/iframe><\/p>\n<p>&nbsp;<\/p>\n<p><a href=\"http:\/\/aovivo.live4jesus.com.br\" target=\"_blank\" rel=\"noopener noreferrer\">Veja, tamb\u00e9m, ONLINE&#8230; Acesse http:\/\/aovivo.live4jesus.com.br<\/a><\/p>\n<p>Venha experimentar a transforma\u00e7\u00e3o do Evangelho.<\/p>\n<p>Rua Eug\u00eanio Prades, 101 &#8211; S\u00e3o Paulo, pr\u00f3ximo do Metr\u00f4\/Shopping Campo Limpo.<\/p>\n<p>&nbsp;<\/p>\n<p><img loading=\"lazy\" decoding=\"async\" class=\"alignnone wp-image-17353\" src=\"https:\/\/portal.soboasnovas.com.br\/wp-content\/uploads\/2022\/02\/home-300x199.jpg\" alt=\"\" width=\"565\" height=\"375\" srcset=\"https:\/\/portal.soboasnovas.com.br\/wp-content\/uploads\/2022\/02\/home-300x199.jpg 300w, https:\/\/portal.soboasnovas.com.br\/wp-content\/uploads\/2022\/02\/home-1024x681.jpg 1024w, https:\/\/portal.soboasnovas.com.br\/wp-content\/uploads\/2022\/02\/home-768x511.jpg 768w, https:\/\/portal.soboasnovas.com.br\/wp-content\/uploads\/2022\/02\/home-1536x1021.jpg 1536w, https:\/\/portal.soboasnovas.com.br\/wp-content\/uploads\/2022\/02\/home-570x379.jpg 570w, https:\/\/portal.soboasnovas.com.br\/wp-content\/uploads\/2022\/02\/home.jpg 1692w\" sizes=\"auto, (max-width: 565px) 100vw, 565px\" \/><\/p>\n","protected":false},"excerpt":{"rendered":"<p>Estaremos recome\u00e7ando, PRESENCIALMENTE,\u00a0 a partir de 26 de Mar\u00e7o de 2022. Sempre aos S\u00e1bados \u00e0s 10 horas. &nbsp; &nbsp; Veja, tamb\u00e9m, ONLINE&#8230; Acesse http:\/\/aovivo.live4jesus.com.br Venha experimentar a transforma\u00e7\u00e3o do Evangelho. Rua Eug\u00eanio Prades, 101 &#8211; S\u00e3o Paulo, pr\u00f3ximo do Metr\u00f4\/Shopping Campo Limpo. &nbsp;<\/p>\n","protected":false},"author":1,"featured_media":17354,"parent":0,"menu_order":0,"comment_status":"closed","ping_status":"closed","template":"","meta":{"footnotes":""},"class_list":["post-4100","page","type-page","status-publish","has-post-thumbnail","hentry"],"_links":{"self":[{"href":"https:\/\/portal.soboasnovas.com.br\/index.php?rest_route=\/wp\/v2\/pages\/4100","targetHints":{"allow":["GET"]}}],"collection":[{"href":"https:\/\/portal.soboasnovas.com.br\/index.php?rest_route=\/wp\/v2\/pages"}],"about":[{"href":"https:\/\/portal.soboasnovas.com.br\/index.php?rest_route=\/wp\/v2\/types\/page"}],"author":[{"embeddable":true,"href":"https:\/\/portal.soboasnovas.com.br\/index.php?rest_route=\/wp\/v2\/users\/1"}],"replies":[{"embeddable":true,"href":"https:\/\/portal.soboasnovas.com.br\/index.php?rest_route=%2Fwp%2Fv2%2Fcomments&post=4100"}],"version-history":[{"count":4,"href":"https:\/\/portal.soboasnovas.com.br\/index.php?rest_route=\/wp\/v2\/pages\/4100\/revisions"}],"predecessor-version":[{"id":17406,"href":"https:\/\/portal.soboasnovas.com.br\/index.php?rest_route=\/wp\/v2\/pages\/4100\/revisions\/17406"}],"wp:featuredmedia":[{"embeddable":true,"href":"https:\/\/portal.soboasnovas.com.br\/index.php?rest_route=\/wp\/v2\/media\/17354"}],"wp:attachment":[{"href":"https:\/\/portal.soboasnovas.com.br\/index.php?rest_route=%2Fwp%2Fv2%2Fmedia&parent=4100"}],"curies":[{"name":"wp","href":"https:\/\/api.w.org\/{rel}","templated":true}]}}